{"id":2031,"date":"2023-05-02T17:20:36","date_gmt":"2023-05-02T15:20:36","guid":{"rendered":"https:\/\/essenceofsicily.com\/?page_id=2031"},"modified":"2023-05-03T12:35:18","modified_gmt":"2023-05-03T10:35:18","slug":"contatos","status":"publish","type":"page","link":"https:\/\/essenceofsicily.com\/pt-pt\/contatos\/","title":{"rendered":"Contatos"},"content":{"rendered":"<div class=\"wpb-content-wrapper\">[vc_row][vc_column]        <div class=\"arrow-container\">        <div class=\"container heading-container\">\n                    <!-- <div class=\"row\" style=\"margin-bottom: 20px;\"> -->\n        <div class=\"row\">\n            <div class=\"col-12 col-lg-6\">\n                            <div class=\"eos-breadcrumb\">\n                <a href=\"https:\/\/essenceofsicily.com\/pt-pt\/\">home<\/a> -\n                \n                <span class=\"active\">contatos<\/span>\n            <\/div>\n            <\/div>\n        <\/div>        <div class=\"row\">\n            <div class=\"col-12 col-lg-6 text-lg-right\">\n                            <h2 class=\"title\">COMO NOS CONTATAR<\/h2>\n                \n                \n                            <div class=\"description description-left\">\n                    <p>A Essence of Sicily \u00e9 fundada no servi\u00e7o ao cliente; seja qual for o seu pedido, n\u00f3s nos esfor\u00e7aremos para entregar a solu\u00e7\u00e3o correspondente \u00e0s suas necessidades. Se voc\u00ea est\u00e1 procurando algo a mais para tornar sua viagem \u00e0 Sic\u00edlia ainda mais memor\u00e1vel, adorar\u00edamos ouvir voc\u00ea.<\/p>\n\n            <\/div>\n            <\/div>\n            <div class=\"col-12 col-lg-6 col-description\">\n                \n                <div class=\"heading-content\" style=\"margin-top: px; margin-bottom: 35px;\">\n                    \r\n<div class=\"contacts-details\">\r\n<div class=\"contact-container\">\r\n<div style=\"margin-bottom: 2em;\"><img loading=\"lazy\" decoding=\"async\" class=\"alignnone wp-image-333\" src=\"http:\/\/essenceofsicily.com\/wp-content\/uploads\/2022\/01\/medusa_Tavola-disegno-1.svg\" alt=\"\" width=\"70\" height=\"68\" \/><\/div>\r\n<h3 class=\"title\" style=\"letter-spacing: 1px; font-size: 1.1em;\">ENDERE\u00c7O<\/h3>\r\n<div class=\"description\">Essence Of Sicily s.r.l.s.<br class=\"\" \/>C\/da Piattaforma 47<br class=\"\" \/>92100 Agrigento \u2013 Sicily<\/div>\r\n<\/div>\r\n<div class=\"contact-container\">\r\n<div class=\"description\"><a href=\"mailto:info@essenceofsicily.com\">info@essenceofsicily.com<\/a><\/div>\r\n<div class=\"description\"><a href=\"tel:+390922605810\">+39 0922 605810<\/a><\/div>\r\n<\/div>\r\n<div class=\"contact-container\">\r\n<h3 class=\"title\" style=\"letter-spacing: 1px; font-size: 1.1em;\">VIVIANA<\/h3>\r\n<div class=\"description\"><a href=\"mailto:viviana@essenceofsicily.com\">viviana@essenceofsicily.com<\/a><\/div>\r\n<div class=\"description\"><a href=\"tel:+393397255187\">+39 338 3071533<\/a><\/div>\r\n<\/div>\r\n<div class=\"contact-container\">\r\n<h3 class=\"title\" style=\"letter-spacing: 1px; font-size: 1.1em;\">PEPPE<\/h3>\r\n<div class=\"description\"><a href=\"mailto:peppe@essenceofsicily.com\">peppe@essenceofsicily.com<\/a><\/div>\r\n<div class=\"description\"><a href=\"tel:+393397255187\">+39 339 7255187<\/a><\/div>\r\n<\/div>\r\n<\/div>\r\n\n                <\/div>\n            <\/div>\n        <\/div>\n        <\/div><\/div>        <div class=\"background-beige\">\n            <div class=\"container form-container\">\n                <div class=\"row\">\n                    <div class=\"col-12 col-lg-6\">\n                        <h2 class=\"title\">FORM<\/h2>\n                    <\/div>\n                    <div class=\"col-12 col-lg-6\">\n                        <div class=\"eos-in-quotes\">Essence of Sicily \u00e9 baseado no atendimento ao cliente; seja qual for o seu pedido, nos esfor\u00e7aremos para fornecer a solu\u00e7\u00e3o correspondente \u00e0s suas necessidades. Se voc\u00ea est\u00e1 procurando.<\/div>\n                    <\/div>\n                <\/div>\n\n                <div class=\"space-30\" style=\"margin-bottom: 30px\"><\/div>\n\n                \n<div class=\"wpcf7 no-js\" id=\"wpcf7-f3339-o1\" lang=\"pt-PT\" dir=\"ltr\" data-wpcf7-id=\"3339\">\n<div class=\"screen-reader-response\"><p role=\"status\" aria-live=\"polite\" aria-atomic=\"true\"><\/p> <ul><\/ul><\/div>\n<form action=\"\/pt-pt\/wp-json\/wp\/v2\/pages\/2031#wpcf7-f3339-o1\" method=\"post\" class=\"wpcf7-form init\" aria-label=\"Formul\u00e1rio de contacto\" novalidate=\"novalidate\" data-status=\"init\">\n<fieldset class=\"hidden-fields-container\"><input type=\"hidden\" name=\"_wpcf7\" value=\"3339\" \/><input type=\"hidden\" name=\"_wpcf7_version\" value=\"6.1.5\" \/><input type=\"hidden\" name=\"_wpcf7_locale\" value=\"pt_PT\" \/><input type=\"hidden\" name=\"_wpcf7_unit_tag\" value=\"wpcf7-f3339-o1\" \/><input type=\"hidden\" name=\"_wpcf7_container_post\" value=\"0\" \/><input type=\"hidden\" name=\"_wpcf7_posted_data_hash\" value=\"\" \/><input type=\"hidden\" name=\"_wpcf7_recaptcha_response\" value=\"\" \/>\n<\/fieldset>\n<div class=\"\">\n    <div class=\"row\">\n        <div class=\"col-12 col-lg-6\">\n            <div class=\"form-group\">\n                <label>Nome<\/label>\n                <div class=\"input-container\">\n                    <span class=\"wpcf7-form-control-wrap\" data-name=\"your-name\"><input size=\"40\" maxlength=\"400\" class=\"wpcf7-form-control wpcf7-text wpcf7-validates-as-required\" aria-required=\"true\" aria-invalid=\"false\" placeholder=\"inserir nome e sobrenome\" value=\"\" type=\"text\" name=\"your-name\" \/><\/span>\n                <\/div>\n            <\/div>\n            <div class=\"form-group\">\n                <label>Endere\u00e7o de email<\/label>\n                <div class=\"input-container\">\n                    <span class=\"wpcf7-form-control-wrap\" data-name=\"your-email\"><input size=\"40\" maxlength=\"400\" class=\"wpcf7-form-control wpcf7-email wpcf7-validates-as-required wpcf7-text wpcf7-validates-as-email\" aria-required=\"true\" aria-invalid=\"false\" placeholder=\"inserir e-mail\" value=\"\" type=\"email\" name=\"your-email\" \/><\/span>\n                <\/div>\n            <\/div>\n            <div class=\"form-group\">\n                <label>Assunto<\/label>\n                <div class=\"input-container\">\n                    <span class=\"wpcf7-form-control-wrap\" data-name=\"your-subject\"><select class=\"wpcf7-form-control wpcf7-select wpcf7-validates-as-required\" aria-required=\"true\" aria-invalid=\"false\" name=\"your-subject\"><option value=\"\">&#8212;Por favor escolha uma op\u00e7\u00e3o&#8212;<\/option><option value=\"Request\">Request<\/option><option value=\"Communication\">Communication<\/option><\/select><\/span>\n                <\/div>\n            <\/div>\n        <\/div>\n        <div class=\"col-12 col-lg-6\">\n            <div class=\"form-group\">\n                <label>Mensagem<\/label>\n                <span class=\"wpcf7-form-control-wrap\" data-name=\"your-message\"><textarea cols=\"40\" rows=\"10\" maxlength=\"2000\" class=\"wpcf7-form-control wpcf7-textarea wpcf7-validates-as-required\" aria-required=\"true\" aria-invalid=\"false\" name=\"your-message\"><\/textarea><\/span>\n            <\/div>\n            <div class=\"form-group\">\n                <span class=\"wpcf7-form-control-wrap\" data-name=\"acceptance\"><span class=\"wpcf7-form-control wpcf7-acceptance\"><span class=\"wpcf7-list-item\"><label><input type=\"checkbox\" name=\"acceptance\" value=\"1\" aria-invalid=\"false\" \/><span class=\"wpcf7-list-item-label\">Declaro que li a <a href=\"#\" class=\"text-gold\">Privacy Policy<\/a> e aceito o processamento dos dados.<\/span><\/label><\/span><\/span><\/span>\n            <\/div>\n            <div class=\"form-group submit-container\">\n                <input class=\"wpcf7-form-control wpcf7-submit has-spinner btn btn-primary\" type=\"submit\" value=\"Enviar\" \/>\n            <\/div>\n        <\/div>\n    <\/div>\n<\/div><div class=\"wpcf7-response-output\" aria-hidden=\"true\"><\/div>\n<\/form>\n<\/div>\n\n            <\/div>\n        <\/div>[\/vc_column][\/vc_row]<\/div>","protected":false},"excerpt":{"rendered":"<p>[vc_row][vc_column][\/vc_column][\/vc_row]<\/p>\n","protected":false},"author":2,"featured_media":0,"parent":0,"menu_order":0,"comment_status":"closed","ping_status":"closed","template":"page-fullwidth.php","meta":{"inline_featured_image":false,"footnotes":""},"class_list":["post-2031","page","type-page","status-publish","hentry"],"_links":{"self":[{"href":"https:\/\/essenceofsicily.com\/pt-pt\/wp-json\/wp\/v2\/pages\/2031","targetHints":{"allow":["GET"]}}],"collection":[{"href":"https:\/\/essenceofsicily.com\/pt-pt\/wp-json\/wp\/v2\/pages"}],"about":[{"href":"https:\/\/essenceofsicily.com\/pt-pt\/wp-json\/wp\/v2\/types\/page"}],"author":[{"embeddable":true,"href":"https:\/\/essenceofsicily.com\/pt-pt\/wp-json\/wp\/v2\/users\/2"}],"replies":[{"embeddable":true,"href":"https:\/\/essenceofsicily.com\/pt-pt\/wp-json\/wp\/v2\/comments?post=2031"}],"version-history":[{"count":4,"href":"https:\/\/essenceofsicily.com\/pt-pt\/wp-json\/wp\/v2\/pages\/2031\/revisions"}],"predecessor-version":[{"id":3348,"href":"https:\/\/essenceofsicily.com\/pt-pt\/wp-json\/wp\/v2\/pages\/2031\/revisions\/3348"}],"wp:attachment":[{"href":"https:\/\/essenceofsicily.com\/pt-pt\/wp-json\/wp\/v2\/media?parent=2031"}],"curies":[{"name":"wp","href":"https:\/\/api.w.org\/{rel}","templated":true}]}}