{"id":2027,"date":"2023-04-28T17:05:06","date_gmt":"2023-04-28T15:05:06","guid":{"rendered":"https:\/\/essenceofsicily.com\/?page_id=2027"},"modified":"2023-05-03T12:29:41","modified_gmt":"2023-05-03T10:29:41","slug":"projetos","status":"publish","type":"page","link":"https:\/\/essenceofsicily.com\/pt-pt\/projetos\/","title":{"rendered":"projetos"},"content":{"rendered":"<div class=\"wpb-content-wrapper\">[vc_row][vc_column]        <div class=\"banner banner-background-position-center banner-background-mobile-position-left banner-no-layer\" style=\"background-image: url('https:\/\/essenceofsicily.com\/wp-content\/uploads\/2022\/02\/fili_07.jpg');\">\n            <div class=\"container\">\n                <div class=\"banner-content\">\n                    <h1 class=\"title\"><\/h1>\n                    <div class=\"subtitle\"><\/div>\n                <\/div>\n            <\/div>\n        <\/div>        <div class=\"container heading-container\">\n                    <!-- <div class=\"row\" style=\"margin-bottom: 20px;\"> -->\n        <div class=\"row\">\n            <div class=\"col-12 col-lg-5\">\n                            <div class=\"eos-breadcrumb\">\n                <a href=\"https:\/\/essenceofsicily.com\/pt-pt\/\">home<\/a> -\n                \n                <span class=\"active\">projetos<\/span>\n            <\/div>\n            <\/div>\n        <\/div>        <div class=\"row\">\n            <div class=\"col-12 col-lg-5 text-lg-right\">\n                            <h2 class=\"title\">projetos na \u00e1rea<\/h2>\n                \n                            <div class=\"eos-space\" style=\"margin-bottom: 30px\"><\/div>\n                            <div class=\"description description-left\">\n                    <p>Estamos coletando ideias e paix\u00f5es e iniciando novos projetos para contar a voc\u00ea sobre uma certa ideia da Sic\u00edlia. A jornada de Ess\u00eancia da Sic\u00edlia nunca para.<\/p>\n\n            <\/div>\n            <\/div>\n            <div class=\"col-12 col-lg-7 col-description\">\n                            <div class=\"eos-in-quotes\">\n                A nossa empresa \u00e9 um laborat\u00f3rio permanente onde as ideias se transformam em projetos concretos, acrescentando novos elementos a essa grande narrativa que \u00e9 a Sic\u00edlia. Cada pe\u00e7a que decidimos investir \u00e9 um ponto de vista sobre o territ\u00f3rio.\n            <\/div>\n                <div class=\"heading-content\" style=\"margin-top: 35px; margin-bottom: 35px;\">\n                    \r\n<div class=\"trip-step\">\r\n<div class=\"description\" style=\"text-align: justify;\">Estamos coletando ideias e paix\u00f5es e iniciando novos projetos para contar sobre uma certa ideia da Sic\u00edlia. A jornada da Essence of Sicily nunca para. Nossa empresa \u00e9 um laborat\u00f3rio permanente onde as ideias se transformam em projetos concretos, adicionando novos elementos a essa grande narrativa que \u00e9 a Sic\u00edlia. Cada pe\u00e7a em que decidimos investir \u00e9 um ponto de vista sobre o territ\u00f3rio. Na base est\u00e3o os valores que sempre distinguiram nosso trabalho: sustentabilidade, cuidado, sabor, paix\u00e3o e exclusividade. Nossos projetos enriquecem, implementam e melhoram aquele conjunto de vis\u00f5es que transmitimos todos os dias aos viajantes que escolhem os servi\u00e7os e experi\u00eancias que oferecemos. Olhamos para o futuro, sempre pensando em nossas ra\u00edzes. Valorizamos a excel\u00eancia do nosso territ\u00f3rio, defendendo uma ideia concreta e pura de sustentabilidade. A ideia de viagem \u00e9 enriquecida com novos produtos que s\u00e3o a s\u00edntese e, ao mesmo tempo, a ess\u00eancia de nossa filosofia.<\/div>\r\n<\/div>\r\n\n                <\/div>\n            <\/div>\n        <\/div>\n        <\/div>[\/vc_column][\/vc_row][vc_row][vc_column]        <div class=\"eos-cards \">        <div class=\"eos-card  \">\n            <div class=\"eos-card-text\">\n                <h2 class=\"title \" style=\"text-align: left\">FIL\u00cc - THE FLAVORS OF SICILY<\/h2>\n                <div class=\"description \">\r\n<div>The flavors and recipes of Sicily are like an ancient fairytale. Fil\u00ec is a journey that talks about memories and connections, taste and tradition.<\/div>\r\n<div style=\"margin-bottom: 25px;\"><\/div>\r\n<a class=\"btn btn-primary\" href=\"https:\/\/essenceofsicily.com\/fili\/\">read more<\/a><\/div>\n            <\/div>\n            <div class=\"eos-card-image\">\n                <img decoding=\"async\" class=\"\" src=\"https:\/\/essenceofsicily.com\/wp-content\/uploads\/2022\/02\/fili_banner_3.jpg\">\n            <\/div>\n        <\/div>        <div class=\"eos-card  eos-card-dark\">\n            <div class=\"eos-card-text\">\n                <h2 class=\"title \" >Books<\/h2>\n                <div class=\"description \">\r\n<div>To travel is to gain knowledge but it is above all a relationship: you come into contact with places, cities, towns and people.<\/div>\r\n<div style=\"margin-bottom: 25px;\"><\/div>\r\n<a class=\"btn btn-primary\" href=\"https:\/\/essenceofsicily.com\/books\/\">read more<\/a><\/div>\n            <\/div>\n            <div class=\"eos-card-image\">\n                <img decoding=\"async\" class=\"img-position-left\" src=\"https:\/\/essenceofsicily.com\/wp-content\/uploads\/2022\/02\/Hard-Cover-Book-01.jpg\">\n            <\/div>\n        <\/div><\/div>[\/vc_column][\/vc_row]<\/div>","protected":false},"excerpt":{"rendered":"<p>[vc_row][vc_column][\/vc_column][\/vc_row][vc_row][vc_column][\/vc_column][\/vc_row]<\/p>\n","protected":false},"author":2,"featured_media":0,"parent":0,"menu_order":0,"comment_status":"closed","ping_status":"closed","template":"page-fullwidth.php","meta":{"inline_featured_image":false,"footnotes":""},"class_list":["post-2027","page","type-page","status-publish","hentry"],"_links":{"self":[{"href":"https:\/\/essenceofsicily.com\/pt-pt\/wp-json\/wp\/v2\/pages\/2027","targetHints":{"allow":["GET"]}}],"collection":[{"href":"https:\/\/essenceofsicily.com\/pt-pt\/wp-json\/wp\/v2\/pages"}],"about":[{"href":"https:\/\/essenceofsicily.com\/pt-pt\/wp-json\/wp\/v2\/types\/page"}],"author":[{"embeddable":true,"href":"https:\/\/essenceofsicily.com\/pt-pt\/wp-json\/wp\/v2\/users\/2"}],"replies":[{"embeddable":true,"href":"https:\/\/essenceofsicily.com\/pt-pt\/wp-json\/wp\/v2\/comments?post=2027"}],"version-history":[{"count":3,"href":"https:\/\/essenceofsicily.com\/pt-pt\/wp-json\/wp\/v2\/pages\/2027\/revisions"}],"predecessor-version":[{"id":3345,"href":"https:\/\/essenceofsicily.com\/pt-pt\/wp-json\/wp\/v2\/pages\/2027\/revisions\/3345"}],"wp:attachment":[{"href":"https:\/\/essenceofsicily.com\/pt-pt\/wp-json\/wp\/v2\/media?parent=2027"}],"curies":[{"name":"wp","href":"https:\/\/api.w.org\/{rel}","templated":true}]}}