{"id":2025,"date":"2023-05-02T17:19:05","date_gmt":"2023-05-02T15:19:05","guid":{"rendered":"https:\/\/essenceofsicily.com\/?page_id=2025"},"modified":"2023-05-03T13:12:15","modified_gmt":"2023-05-03T11:12:15","slug":"acomodacoes","status":"publish","type":"page","link":"https:\/\/essenceofsicily.com\/pt-pt\/acomodacoes\/","title":{"rendered":"Acomoda\u00e7\u00f5es"},"content":{"rendered":"<div class=\"wpb-content-wrapper\">[vc_row][vc_column]        <div class=\"banner banner-background-position-center banner-background-mobile-position-left banner-no-layer\" style=\"background-image: url('https:\/\/essenceofsicily.com\/wp-content\/uploads\/2022\/01\/verdura_resort.jpg');\">\n            <div class=\"container\">\n                <div class=\"banner-content\">\n                    <h1 class=\"title\"><\/h1>\n                    <div class=\"subtitle\"><\/div>\n                <\/div>\n            <\/div>\n        <\/div>        <div class=\"container heading-container\">\n                    <!-- <div class=\"row\" style=\"margin-bottom: 20px;\"> -->\n        <div class=\"row\">\n            <div class=\"col-12 col-lg-5\">\n                            <div class=\"eos-breadcrumb\">\n                <a href=\"https:\/\/essenceofsicily.com\/pt-pt\/\">home<\/a> -\n                \n                <span class=\"active\">acomoda\u00e7\u00f5es<\/span>\n            <\/div>\n            <\/div>\n        <\/div>        <div class=\"row\">\n            <div class=\"col-12 col-lg-5 text-lg-right\">\n                            <h2 class=\"title\">TRABALHAMOS APENAS COM OS MELHORES<\/h2>\n                \n                            <div class=\"eos-space\" style=\"margin-bottom: 30px\"><\/div>\n                \n            <\/div>\n            <div class=\"col-12 col-lg-7 col-description\">\n                            <div class=\"eos-in-quotes\">\n                Escolhemos para voc\u00ea as melhores propriedades da Sic\u00edlia.\n            <\/div>\n                <div class=\"heading-content\" style=\"margin-top: 60px; margin-bottom: 35px;\">\n                    <img loading=\"lazy\" decoding=\"async\" class=\"alignnone wp-image-618\" src=\"http:\/\/essenceofsicily.com\/wp-content\/uploads\/2022\/01\/logo_R-01.svg\" alt=\"\" width=\"95\" height=\"74\" \/>\u00a0 \u00a0 \u00a0 <img loading=\"lazy\" decoding=\"async\" class=\"alignnone wp-image-617\" src=\"http:\/\/essenceofsicily.com\/wp-content\/uploads\/2022\/01\/logo_FS-01.svg\" alt=\"\" width=\"133\" height=\"76\" \/>\u00a0 \u00a0 \u00a0 <img loading=\"lazy\" decoding=\"async\" class=\"alignnone wp-image-616\" src=\"http:\/\/essenceofsicily.com\/wp-content\/uploads\/2022\/01\/logo_B-01.svg\" alt=\"\" width=\"107\" height=\"72\" \/>\n                <\/div>\n            <\/div>\n        <\/div>        <div class=\"row\">\n            <div class=\"col-12 col-lg-5 text-lg-right\">\n                \n                \n                \n                            <div class=\"description description-left\">\n                    <p>A Sic\u00edlia possui uma rica sele\u00e7\u00e3o de acomoda\u00e7\u00f5es de luxo que podem facilmente satisfazer os gostos dos viajantes mais exigentes.<\/p>\n\n            <\/div>\n            <\/div>\n            <div class=\"col-12 col-lg-7 col-description\">\n                \n                <div class=\"heading-content\" style=\"margin-top: 0px; margin-bottom: 0px;\">\n                    \r\n<div class=\"trip-step\">\r\n<div class=\"description\">Hot\u00e9is Boutique Rom\u00e2nticos em Palermo e estruturas exclusivas em Taormina, magn\u00edficos relais no Etna e maravilhosos resorts com vista para o mar garantem apenas o melhor na hospitalidade siciliana.<\/div>\r\n<\/div>\r\n\n                <\/div>\n            <\/div>\n        <\/div>\n        <\/div>[\/vc_column][\/vc_row][vc_row][vc_column]        <div class=\"eos-cards \">        <div class=\"eos-card  \">\n            <div class=\"eos-card-text\">\n                <h2 class=\"title \" style=\"text-align: left\">HOT\u00c9IS BOUTIQUE HIST\u00d3RICOS<\/h2>\n                <div class=\"description \">Um tipo de hospitalidade que torna sua viagem absolutamente inesquec\u00edvel. Pequenas e selecionadas estruturas charmosas em cidades de arte e cultura com uma hist\u00f3ria centen\u00e1ria abrir\u00e3o suas portas para satisfazer com servi\u00e7os personalizados as solicita\u00e7\u00f5es de um cliente de alto n\u00edvel.<\/div>\n            <\/div>\n            <div class=\"eos-card-image\">\n                <img decoding=\"async\" class=\"img-position-right\" src=\"https:\/\/essenceofsicily.com\/wp-content\/uploads\/2022\/01\/Accommodations_9.jpg\">\n            <\/div>\n        <\/div>        <div class=\"eos-card  eos-card-dark\">\n            <div class=\"eos-card-text\">\n                <h2 class=\"title \" >HOT\u00c9IS RURAIS CHARMOSOS<\/h2>\n                <div class=\"description \">Hospitalidade muito al\u00e9m do caminho batido do turismo de massa. O\u00e1sis de paz na exuberante paisagem rural siciliana. Luxuosas casas de campo nas encostas do Etna que olham para o mar ou antigas resid\u00eancias nobres rodeadas pela luxuriante flora siciliana.<\/div>\n            <\/div>\n            <div class=\"eos-card-image\">\n                <img decoding=\"async\" class=\"img-position-right\" src=\"https:\/\/essenceofsicily.com\/wp-content\/uploads\/2022\/01\/slideshow-03-monaci-delle-terre-nere.jpg\">\n            <\/div>\n        <\/div>        <div class=\"eos-card  eos-card-revert \">\n            <div class=\"eos-card-text\">\n                <h2 class=\"title \" style=\"text-align: left\">RESORTS DE PRAIA DE LUXO<\/h2>\n                <div class=\"description \">Praias de areia fina e agrad\u00e1veis costas em um mar calmo e temperado. \u00c9 isso que a ilha oferece. Hot\u00e9is com servi\u00e7os de luxo e espregui\u00e7adeiras \u00e0 beira-mar de belas enseadas ou ba\u00edas intocadas. N\u00e3o apenas as praias de Taormina ou passeios de barco pelas Ilhas E\u00f3lias, mas tamb\u00e9m as reservas naturais entre Agrigento e Sciacca ou as belezas de Cefal\u00f9 e Pantelleria.<\/div>\n            <\/div>\n            <div class=\"eos-card-image\">\n                <img decoding=\"async\" class=\"\" src=\"https:\/\/essenceofsicily.com\/wp-content\/uploads\/2022\/01\/Accommodations_1.jpg\">\n            <\/div>\n        <\/div><\/div>[\/vc_column][\/vc_row]<\/div>","protected":false},"excerpt":{"rendered":"<p>[vc_row][vc_column][\/vc_column][\/vc_row][vc_row][vc_column][\/vc_column][\/vc_row]<\/p>\n","protected":false},"author":2,"featured_media":0,"parent":0,"menu_order":0,"comment_status":"closed","ping_status":"closed","template":"page-fullwidth.php","meta":{"inline_featured_image":false,"footnotes":""},"class_list":["post-2025","page","type-page","status-publish","hentry"],"_links":{"self":[{"href":"https:\/\/essenceofsicily.com\/pt-pt\/wp-json\/wp\/v2\/pages\/2025","targetHints":{"allow":["GET"]}}],"collection":[{"href":"https:\/\/essenceofsicily.com\/pt-pt\/wp-json\/wp\/v2\/pages"}],"about":[{"href":"https:\/\/essenceofsicily.com\/pt-pt\/wp-json\/wp\/v2\/types\/page"}],"author":[{"embeddable":true,"href":"https:\/\/essenceofsicily.com\/pt-pt\/wp-json\/wp\/v2\/users\/2"}],"replies":[{"embeddable":true,"href":"https:\/\/essenceofsicily.com\/pt-pt\/wp-json\/wp\/v2\/comments?post=2025"}],"version-history":[{"count":6,"href":"https:\/\/essenceofsicily.com\/pt-pt\/wp-json\/wp\/v2\/pages\/2025\/revisions"}],"predecessor-version":[{"id":3350,"href":"https:\/\/essenceofsicily.com\/pt-pt\/wp-json\/wp\/v2\/pages\/2025\/revisions\/3350"}],"wp:attachment":[{"href":"https:\/\/essenceofsicily.com\/pt-pt\/wp-json\/wp\/v2\/media?parent=2025"}],"curies":[{"name":"wp","href":"https:\/\/api.w.org\/{rel}","templated":true}]}}