{"id":2008,"date":"2023-04-28T17:19:56","date_gmt":"2023-04-28T15:19:56","guid":{"rendered":"https:\/\/essenceofsicily.com\/?page_id=2008"},"modified":"2024-08-29T14:12:03","modified_gmt":"2024-08-29T12:12:03","slug":"viagem-personalizada","status":"publish","type":"page","link":"https:\/\/essenceofsicily.com\/pt-pt\/viagem-personalizada\/","title":{"rendered":"viagem personalizada"},"content":{"rendered":"<div class=\"wpb-content-wrapper\">[vc_row][vc_column]        <div class=\"banner banner-background-position-center banner-background-mobile-position-right banner-no-layer\" style=\"background-image: url('https:\/\/essenceofsicily.com\/wp-content\/uploads\/2022\/01\/cattedrale_palermo-1.jpg');\">\n            <div class=\"container\">\n                <div class=\"banner-content\">\n                    <h1 class=\"title\"><\/h1>\n                    <div class=\"subtitle\"><\/div>\n                <\/div>\n            <\/div>\n        <\/div>        <div class=\"container heading-container\">\n                    <!-- <div class=\"row\" style=\"margin-bottom: 20px;\"> -->\n        <div class=\"row\">\n            <div class=\"col-12 col-lg-5\">\n                            <div class=\"eos-breadcrumb\">\n                <a href=\"https:\/\/essenceofsicily.com\/pt-pt\/\">home<\/a> -\n                \n                <span class=\"active\">viagem personalizada<\/span>\n            <\/div>\n            <\/div>\n        <\/div>        <div class=\"row\">\n            <div class=\"col-12 col-lg-5 text-lg-right\">\n                            <h2 class=\"title\">VIAGEM DE LUXO E AL\u00c9M<\/h2>\n                \n                            <div class=\"eos-space\" style=\"margin-bottom: 30px\"><\/div>\n                \n            <\/div>\n            <div class=\"col-12 col-lg-7 col-description\">\n                            <div class=\"eos-in-quotes\">\n                \u201cN\u00e3o invejo o para\u00edso de Deus, porque moro na Sic\u00edlia`` Frederico II de Svevia.\n            <\/div>\n                <div class=\"heading-content\" style=\"margin-top: 35px; margin-bottom: 35px;\">\n                    <img loading=\"lazy\" decoding=\"async\" class=\"alignnone wp-image-247\" src=\"http:\/\/essenceofsicily.com\/wp-content\/uploads\/2021\/12\/simbolo_essence.svg\" alt=\"\" width=\"93\" height=\"91\" \/>\n                <\/div>\n            <\/div>\n        <\/div>        <div class=\"row\">\n            <div class=\"col-12 col-lg-5 text-lg-right\">\n                \n                \n                \n                            <div class=\"description description-left\">\n                    <p>Cada pessoa \u00e9 um universo. A Essence of Sicily acredita fortemente em dar uma alma a cada experi\u00eancia, fazendo de qualquer percurso uma hist\u00f3ria \u00fanica: construindo uma viagem personalizada baseada em seus gostos, orienta\u00e7\u00f5es e paix\u00f5es pessoais.<\/p>\n<p>Nossos roteiros meticulosos acompanham cada aspecto de sua experi\u00eancia, disponibilizando o melhor dos profissionais locais em uma mistura milenar de hist\u00f3ria, cultura e culin\u00e1ria da Sic\u00edlia. Uma experi\u00eancia diferente a cada dia, refinada e feita sob medida, seguindo apenas tr\u00eas passos simples:<\/p>\n\n            <\/div>\n            <\/div>\n            <div class=\"col-12 col-lg-7 col-description\">\n                \n                <div class=\"heading-content\" style=\"margin-top: 0px; margin-bottom: 0px;\">\n                    \r\n<div class=\"trip-step\">\r\n<div class=\"trip-step\">\r\n<h3 class=\"title\">ACONSELHAMENTO<\/h3>\r\n<div class=\"description\">\r\n<p class=\"p1\">Sua primeira consulta pode ocorrer por telefone ou por e-mail.<\/p>\r\n\r\n<\/div>\r\n<\/div>\r\n<div class=\"trip-step\">\r\n<h3 class=\"title\">PLANEJAMENTO<\/h3>\r\n<div class=\"description\">\r\n<p class=\"p1\">Forneceremos um Formul\u00e1rio de Design para conhec\u00ea-lo melhor. Seus gostos, interesses individuais, s\u00e3o importantes para n\u00f3s a fim de personalizar a viagem que voc\u00ea sonhou. Uma experi\u00eancia diferente para cada pessoa, focando no que mais nos importa: voc\u00eas.<\/p>\r\n\r\n<\/div>\r\n<\/div>\r\n<div class=\"trip-step\">\r\n<h3 class=\"title\">RESERVA<\/h3>\r\n<div class=\"description\">\r\n<p class=\"p1\">O roteiro est\u00e1 formalizado e um dep\u00f3sito confirmar\u00e1 sua reserva.<\/p>\r\n\r\n<\/div>\r\n<\/div>\r\n<\/div>\r\n\n                <\/div>\n            <\/div>\n        <\/div>\n        <\/div>[\/vc_column][\/vc_row][vc_row][vc_column]        <div class=\"eos-cards \">        <div class=\"eos-card  \">\n            <div class=\"eos-card-text\">\n                <h2 class=\"title \" style=\"text-align: left\">O QUE NOS DIFERENCIA<\/h2>\n                <div class=\"description \">\r\n<ul>\r\n \t<li class=\"li1\" style=\"text-align: left;\"><strong>Especialistas sicilianos<\/strong> altamente qualificados.<\/li>\r\n \t<li class=\"li1\" style=\"text-align: left;\">Conhecimento aprofundado da din\u00e2mica da viagem experiencial, do territ\u00f3rio, eventos especiais, <strong>experi\u00eancias exclusivas deslumbrantes<\/strong> e alternativas ao cl\u00e1ssico turismo de massa.<\/li>\r\n \t<li class=\"li1\" style=\"text-align: left;\"><b> Guias especializados <\/b>com experi\u00eancia certificada.<\/li>\r\n \t<li class=\"li1\" style=\"text-align: left;\">Roteiros alternativos e totalmente imersivos na cultura local. Voc\u00ea <strong>experimentar\u00e1 a Sic\u00edlia<\/strong>, n\u00e3o s\u00f3 a visitar\u00e1.<\/li>\r\n<\/ul>\r\n<\/div>\n            <\/div>\n            <div class=\"eos-card-image\">\n                <img decoding=\"async\" class=\"\" src=\"https:\/\/essenceofsicily.com\/wp-content\/uploads\/2021\/12\/LOL2537.jpg\">\n            <\/div>\n        <\/div>        <div class=\"eos-card  \">\n            <div class=\"eos-card-text\">\n                <h2 class=\"title \" >ACESSOS ESPECIAIS<\/h2>\n                <div class=\"description \">\r\n<ul>\r\n \t<li class=\"li1\" style=\"text-align: left;\">Entrada priorit\u00e1ria e <strong>servi\u00e7os VIP.<\/strong><\/li>\r\n \t<li class=\"li1\" style=\"text-align: left;\"><strong>Acesso a locais e profissionais<\/strong> normalmente n\u00e3o acess\u00edveis ao circuito cl\u00e1ssico.<\/li>\r\n \t<li class=\"li1\" style=\"text-align: left;\"><b> Bastidores e possibilidade <\/b>de acesso aos locais de interesse antes e \/ <strong>ou depois do cl\u00e1ssico hor\u00e1rio<\/strong> de atendimento.<\/li>\r\n<\/ul>\r\n<\/div>\n            <\/div>\n            <div class=\"eos-card-image\">\n                <img decoding=\"async\" class=\"\" src=\"https:\/\/essenceofsicily.com\/wp-content\/uploads\/2021\/12\/specialaccess-1.jpg\">\n            <\/div>\n        <\/div>        <div class=\"eos-card  eos-card-revert eos-card-dark\">\n            <div class=\"eos-card-text\">\n                <h2 class=\"title \" style=\"text-align: left\">CONSULTOR DE VIAGENS PESSOAIS<\/h2>\n                <div class=\"description \">\r\n<ul>\r\n \t<li class=\"li1\" style=\"text-align: left;\">Os especialistas da nossa equipe acompanhar\u00e3o a sua viagem a todo o momento com <strong>total disponibilidade<\/strong>.<\/li>\r\n \t<li class=\"li1\" style=\"text-align: left;\">O pacote completo inclui tudo: do brainstorming ao manuseio da bagagem, at\u00e9 o suporte<strong> 24 horas por dia, 7 dias por semana<\/strong>, antes, durante e depois da sua viagem.<\/li>\r\n<\/ul>\r\n<\/div>\n            <\/div>\n            <div class=\"eos-card-image\">\n                <img decoding=\"async\" class=\"\" src=\"https:\/\/essenceofsicily.com\/wp-content\/uploads\/2021\/12\/team.jpg\">\n            <\/div>\n        <\/div><\/div>[\/vc_column][\/vc_row]<\/div>","protected":false},"excerpt":{"rendered":"<p>[vc_row][vc_column][\/vc_column][\/vc_row][vc_row][vc_column][\/vc_column][\/vc_row]<\/p>\n","protected":false},"author":2,"featured_media":0,"parent":0,"menu_order":0,"comment_status":"closed","ping_status":"closed","template":"page-fullwidth.php","meta":{"inline_featured_image":false,"footnotes":""},"class_list":["post-2008","page","type-page","status-publish","hentry"],"_links":{"self":[{"href":"https:\/\/essenceofsicily.com\/pt-pt\/wp-json\/wp\/v2\/pages\/2008","targetHints":{"allow":["GET"]}}],"collection":[{"href":"https:\/\/essenceofsicily.com\/pt-pt\/wp-json\/wp\/v2\/pages"}],"about":[{"href":"https:\/\/essenceofsicily.com\/pt-pt\/wp-json\/wp\/v2\/types\/page"}],"author":[{"embeddable":true,"href":"https:\/\/essenceofsicily.com\/pt-pt\/wp-json\/wp\/v2\/users\/2"}],"replies":[{"embeddable":true,"href":"https:\/\/essenceofsicily.com\/pt-pt\/wp-json\/wp\/v2\/comments?post=2008"}],"version-history":[{"count":8,"href":"https:\/\/essenceofsicily.com\/pt-pt\/wp-json\/wp\/v2\/pages\/2008\/revisions"}],"predecessor-version":[{"id":3853,"href":"https:\/\/essenceofsicily.com\/pt-pt\/wp-json\/wp\/v2\/pages\/2008\/revisions\/3853"}],"wp:attachment":[{"href":"https:\/\/essenceofsicily.com\/pt-pt\/wp-json\/wp\/v2\/media?parent=2008"}],"curies":[{"name":"wp","href":"https:\/\/api.w.org\/{rel}","templated":true}]}}